{"id":62,"date":"2023-05-12T11:52:25","date_gmt":"2023-05-12T09:52:25","guid":{"rendered":"http:\/\/a-cheval-54.com\/index.php\/home\/"},"modified":"2024-09-04T11:26:26","modified_gmt":"2024-09-04T09:26:26","slug":"home","status":"publish","type":"page","link":"https:\/\/a-cheval-54.com\/","title":{"rendered":"Poney-Club &#8211; Camp de vacances"},"content":{"rendered":"\n<h3 class=\"wp-block-heading has-text-align-center\"><strong>A Cheval 54\u00a0vous accueille \u00e0 Bauzemont.\u00a0\u00a0Situ\u00e9 en Lorraine \u00e0 10 minutes de la ville de Lun\u00e9ville et accessible directement depuis Paris, dans un petit village entour\u00e9 de verdure.\u00a0<\/strong><\/h3>\n\n\n<div class=\"wp-block-image\">\n<figure class=\"aligncenter size-full\"><img loading=\"lazy\" decoding=\"async\" width=\"696\" height=\"392\" src=\"http:\/\/a-cheval-54.com\/wp-content\/uploads\/2023\/07\/Tournage-Journee-Cheval-2022_NHMMPhotography.jpg.jpg\" alt=\"\" class=\"wp-image-157\" srcset=\"https:\/\/a-cheval-54.com\/wp-content\/uploads\/2023\/07\/Tournage-Journee-Cheval-2022_NHMMPhotography.jpg.jpg 696w, https:\/\/a-cheval-54.com\/wp-content\/uploads\/2023\/07\/Tournage-Journee-Cheval-2022_NHMMPhotography.jpg-300x169.jpg 300w\" sizes=\"auto, (max-width: 696px) 100vw, 696px\" \/><\/figure>\n<\/div>\n\n\n<h3 class=\"wp-block-heading has-text-align-center\"><strong>C\u2019est ici, que nous vous proposons de vous faire partager notre passion.<\/strong><\/h3>\n\n\n\n<h3 class=\"wp-block-heading has-text-align-center\"><strong>Pour les enfants et familles qui souhaitent passer un bon moment en toute convivialit\u00e9 et&nbsp;simplicit\u00e9.<\/strong><\/h3>\n\n\n\n<h3 class=\"wp-block-heading has-text-align-center\"><strong>Nous proposons diverses activit\u00e9s avec les poneys et chevaux.<\/strong><\/h3>\n","protected":false},"excerpt":{"rendered":"<p>A Cheval 54\u00a0vous accueille \u00e0 Bauzemont.\u00a0\u00a0Situ\u00e9 en Lorraine \u00e0 10 minutes de la ville de Lun\u00e9ville et accessible directement depuis Paris, dans un petit village entour\u00e9 de verdure.\u00a0 C\u2019est ici, que nous vous proposons de vous faire partager notre passion. Pour les enfants et familles qui souhaitent passer un bon moment en toute convivialit\u00e9 et&nbsp;simplicit\u00e9. Nous proposons diverses activit\u00e9s avec les poneys et chevaux.<\/p>\n","protected":false},"author":1,"featured_media":0,"parent":0,"menu_order":0,"comment_status":"closed","ping_status":"closed","template":"","meta":{"footnotes":""},"class_list":["post-62","page","type-page","status-publish"],"jetpack_sharing_enabled":true,"_links":{"self":[{"href":"https:\/\/a-cheval-54.com\/index.php\/wp-json\/wp\/v2\/pages\/62","targetHints":{"allow":["GET"]}}],"collection":[{"href":"https:\/\/a-cheval-54.com\/index.php\/wp-json\/wp\/v2\/pages"}],"about":[{"href":"https:\/\/a-cheval-54.com\/index.php\/wp-json\/wp\/v2\/types\/page"}],"author":[{"embeddable":true,"href":"https:\/\/a-cheval-54.com\/index.php\/wp-json\/wp\/v2\/users\/1"}],"replies":[{"embeddable":true,"href":"https:\/\/a-cheval-54.com\/index.php\/wp-json\/wp\/v2\/comments?post=62"}],"version-history":[{"count":9,"href":"https:\/\/a-cheval-54.com\/index.php\/wp-json\/wp\/v2\/pages\/62\/revisions"}],"predecessor-version":[{"id":331,"href":"https:\/\/a-cheval-54.com\/index.php\/wp-json\/wp\/v2\/pages\/62\/revisions\/331"}],"wp:attachment":[{"href":"https:\/\/a-cheval-54.com\/index.php\/wp-json\/wp\/v2\/media?parent=62"}],"curies":[{"name":"wp","href":"https:\/\/api.w.org\/{rel}","templated":true}]}}