{"id":258,"date":"2024-02-26T13:23:17","date_gmt":"2024-02-26T12:23:17","guid":{"rendered":"https:\/\/a-cheval-54.com\/?page_id=258"},"modified":"2025-02-06T10:06:17","modified_gmt":"2025-02-06T09:06:17","slug":"camps-de-vacances-equitation","status":"publish","type":"page","link":"https:\/\/a-cheval-54.com\/index.php\/camps-de-vacances-equitation\/","title":{"rendered":"Camps de vacances \u00e9quitation"},"content":{"rendered":"\n<h1 class=\"wp-block-heading\">2 s\u00e9jours vacances pour vos enfants<\/h1>\n\n\n\n<div class=\"wp-block-columns is-layout-flex wp-container-core-columns-is-layout-9d6595d7 wp-block-columns-is-layout-flex\">\n<div class=\"wp-block-column is-vertically-aligned-center is-layout-flow wp-block-column-is-layout-flow\" style=\"flex-basis:50%\">\n<div class=\"wp-block-group is-content-justification-left is-nowrap is-layout-flex wp-container-core-group-is-layout-f56a869c wp-block-group-is-layout-flex\">\n<h2 class=\"wp-block-heading has-text-align-center\">Camp Poney<\/h2>\n<\/div>\n<\/div>\n\n\n\n<div class=\"wp-block-column is-vertically-aligned-center is-layout-flow wp-block-column-is-layout-flow\" style=\"flex-basis:50%\">\n<h2 class=\"wp-block-heading\">Camp Sport Equitation<\/h2>\n<\/div>\n<\/div>\n\n\n\n<p><strong>S\u00e9jour vacances pour enfant : deux exp\u00e9riences, une passion<\/strong><\/p>\n\n\n\n<p>Au c\u0153ur d&rsquo;un cadre naturel, A Cheval 54 offre deux exp\u00e9riences uniques pour les jeunes passionn\u00e9s d&rsquo;\u00e9quitation ou de poneys. Que ce soit pour une immersion ludique avec nos jeux \u00e0 poneys ou pour une formation intensive ax\u00e9e sur la performance sportive, nos s\u00e9jours promettent une aventure inoubliable.<\/p>\n\n\n\n<p><strong>Camp \u00e0 poneys :<\/strong><br>6 heures d&rsquo;\u00e9quitation quotidienne, jeux et activit\u00e9s vari\u00e9s, randonn\u00e9e en for\u00eat, repr\u00e9sentation finale. Temps libre : lac, sports, cuisine, land art.<\/p>\n\n\n\n<p><strong>Camp de l&rsquo;Excellence \u00c9questre :<\/strong><br>6 heures d&rsquo;\u00e9quitation sportive par jour, disciplines vari\u00e9es (saut, dressage, cross), r\u00e9vision th\u00e9orique des Galops. Passage d&rsquo;examens en option. Comp\u00e9tition possible.<\/p>\n\n\n\n<p>Quel que soit le camp choisi, A Cheval 54 offre une exp\u00e9rience \u00e9ducative et enrichissante, o\u00f9 la passion pour les chevaux s&rsquo;\u00e9panouit dans un environnement s\u00fbr et stimulant. Inscrivez vite votre enfant pour une aventure \u00e9questre m\u00e9morable !<\/p>\n\n\n\n<figure class=\"wp-block-gallery has-nested-images columns-default is-cropped wp-block-gallery-1 is-layout-flex wp-block-gallery-is-layout-flex\">\n<figure class=\"wp-block-image size-large\"><img loading=\"lazy\" decoding=\"async\" width=\"696\" height=\"392\" data-id=\"155\" src=\"https:\/\/a-cheval-54.com\/wp-content\/uploads\/2023\/07\/Fete-du-poney-Monteclin-2022_FFE-ZG.jpg-1.webp\" alt=\"Stage \u00e9quitation cavaliers d\u00e9butants\" class=\"wp-image-155\" srcset=\"https:\/\/a-cheval-54.com\/wp-content\/uploads\/2023\/07\/Fete-du-poney-Monteclin-2022_FFE-ZG.jpg-1.webp 696w, https:\/\/a-cheval-54.com\/wp-content\/uploads\/2023\/07\/Fete-du-poney-Monteclin-2022_FFE-ZG.jpg-1-300x169.webp 300w\" sizes=\"auto, (max-width: 696px) 100vw, 696px\" \/><\/figure>\n\n\n\n<figure class=\"wp-block-image size-large\"><img loading=\"lazy\" decoding=\"async\" width=\"640\" height=\"428\" data-id=\"154\" src=\"https:\/\/a-cheval-54.com\/wp-content\/uploads\/2023\/07\/783a2d_e01437c04aab4ab792c798682ff1c98e_mv2.jpg\" alt=\"Camp \u00e9quitation enfant de 6 \u00e0 12 ans\" class=\"wp-image-154\" srcset=\"https:\/\/a-cheval-54.com\/wp-content\/uploads\/2023\/07\/783a2d_e01437c04aab4ab792c798682ff1c98e_mv2.jpg 640w, https:\/\/a-cheval-54.com\/wp-content\/uploads\/2023\/07\/783a2d_e01437c04aab4ab792c798682ff1c98e_mv2-300x201.jpg 300w\" sizes=\"auto, (max-width: 640px) 100vw, 640px\" \/><\/figure>\n\n\n\n<figure class=\"wp-block-image size-large\"><img loading=\"lazy\" decoding=\"async\" width=\"345\" height=\"368\" data-id=\"156\" src=\"https:\/\/a-cheval-54.com\/wp-content\/uploads\/2023\/07\/a8469d_a92591510ddd461a870549b771ecff20mv2_d_2271_2419_s_2-1.webp\" alt=\"Camp de vacances avec \u00e9quitation\" class=\"wp-image-156\" srcset=\"https:\/\/a-cheval-54.com\/wp-content\/uploads\/2023\/07\/a8469d_a92591510ddd461a870549b771ecff20mv2_d_2271_2419_s_2-1.webp 345w, https:\/\/a-cheval-54.com\/wp-content\/uploads\/2023\/07\/a8469d_a92591510ddd461a870549b771ecff20mv2_d_2271_2419_s_2-1-281x300.webp 281w\" sizes=\"auto, (max-width: 345px) 100vw, 345px\" \/><\/figure>\n\n\n\n<figure class=\"wp-block-image size-large\"><img loading=\"lazy\" decoding=\"async\" width=\"652\" height=\"820\" data-id=\"178\" src=\"https:\/\/a-cheval-54.com\/wp-content\/uploads\/2023\/08\/Capture-decran-2023-08-18-194817.jpg\" alt=\"\" class=\"wp-image-178\" srcset=\"https:\/\/a-cheval-54.com\/wp-content\/uploads\/2023\/08\/Capture-decran-2023-08-18-194817.jpg 652w, https:\/\/a-cheval-54.com\/wp-content\/uploads\/2023\/08\/Capture-decran-2023-08-18-194817-239x300.jpg 239w\" sizes=\"auto, (max-width: 652px) 100vw, 652px\" \/><\/figure>\n\n\n\n<figure class=\"wp-block-image size-large\"><img loading=\"lazy\" decoding=\"async\" width=\"696\" height=\"392\" data-id=\"157\" src=\"https:\/\/a-cheval-54.com\/wp-content\/uploads\/2023\/07\/Tournage-Journee-Cheval-2022_NHMMPhotography.jpg.jpg\" alt=\"s\u00e9jour d'\u00e9quitation pour les vacances avec poneys\" class=\"wp-image-157\" srcset=\"https:\/\/a-cheval-54.com\/wp-content\/uploads\/2023\/07\/Tournage-Journee-Cheval-2022_NHMMPhotography.jpg.jpg 696w, https:\/\/a-cheval-54.com\/wp-content\/uploads\/2023\/07\/Tournage-Journee-Cheval-2022_NHMMPhotography.jpg-300x169.jpg 300w\" sizes=\"auto, (max-width: 696px) 100vw, 696px\" \/><\/figure>\n\n\n\n<figure class=\"wp-block-image size-large\"><img loading=\"lazy\" decoding=\"async\" width=\"1024\" height=\"683\" data-id=\"250\" src=\"https:\/\/a-cheval-54.com\/wp-content\/uploads\/2024\/02\/Sejour-equitation.jpg\" alt=\"S\u00e9jour \u00e9quitation camp de vacances avec passage des galops\" class=\"wp-image-250\" srcset=\"https:\/\/a-cheval-54.com\/wp-content\/uploads\/2024\/02\/Sejour-equitation.jpg 1024w, https:\/\/a-cheval-54.com\/wp-content\/uploads\/2024\/02\/Sejour-equitation-300x200.jpg 300w, https:\/\/a-cheval-54.com\/wp-content\/uploads\/2024\/02\/Sejour-equitation-768x512.jpg 768w\" sizes=\"auto, (max-width: 1024px) 100vw, 1024px\" \/><\/figure>\n\n\n\n<figure class=\"wp-block-image size-large\"><img loading=\"lazy\" decoding=\"async\" width=\"960\" height=\"720\" data-id=\"18\" src=\"https:\/\/a-cheval-54.com\/wp-content\/uploads\/2023\/05\/84121233_10158695260174287_6826670194583796630_n.jpg\" alt=\"\" class=\"wp-image-18\" srcset=\"https:\/\/a-cheval-54.com\/wp-content\/uploads\/2023\/05\/84121233_10158695260174287_6826670194583796630_n.jpg 960w, https:\/\/a-cheval-54.com\/wp-content\/uploads\/2023\/05\/84121233_10158695260174287_6826670194583796630_n-300x225.jpg 300w, https:\/\/a-cheval-54.com\/wp-content\/uploads\/2023\/05\/84121233_10158695260174287_6826670194583796630_n-768x576.jpg 768w\" sizes=\"auto, (max-width: 960px) 100vw, 960px\" \/><\/figure>\n<\/figure>\n\n\n\n<h3 class=\"wp-block-heading\">Plus de d\u00e9tails sur nos s\u00e9jours de vacances pour vos enfants<\/h3>\n\n\n\n<div class=\"wp-block-columns is-layout-flex wp-container-core-columns-is-layout-9d6595d7 wp-block-columns-is-layout-flex\">\n<div class=\"wp-block-column is-layout-flow wp-block-column-is-layout-flow\">\n<div class=\"wp-block-buttons is-content-justification-right is-layout-flex wp-container-core-buttons-is-layout-765c4724 wp-block-buttons-is-layout-flex\">\n<div class=\"wp-block-button\"><a class=\"wp-block-button__link has-background wp-element-button\" href=\"https:\/\/a-cheval-54.com\/index.php\/camp-poney-6-12-ans\/\" style=\"background-color:#fc5640\">Camp poney<\/a><\/div>\n<\/div>\n<\/div>\n\n\n\n<div class=\"wp-block-column is-layout-flow wp-block-column-is-layout-flow\">\n<div class=\"wp-block-buttons is-content-justification-left is-layout-flex wp-container-core-buttons-is-layout-fdcfc74e wp-block-buttons-is-layout-flex\">\n<div class=\"wp-block-button\"><a class=\"wp-block-button__link has-background wp-element-button\" href=\"https:\/\/a-cheval-54.com\/index.php\/camp-sport-equitation\/\" style=\"background-color:#fc5640\">Camp Sport \u00e9quitation<\/a><\/div>\n<\/div>\n<\/div>\n<\/div>\n\n\n\n<h2 class=\"wp-block-heading\">Pr\u00e9-inscription<\/h2>\n\n\n\n<h3 class=\"wp-block-heading has-text-color has-link-color wp-elements-50ed9aa6f38ebb5cd2b29b643ef2f1a9\" style=\"color:#7d7d7d\">remplissez le formulaire<\/h3>\n\n\n<div class=\"wp-block-jetpack-contact-form\"><a href=\"https:\/\/a-cheval-54.com\/index.php\/camps-de-vacances-equitation\/\" target=\"_blank\" rel=\"noopener noreferrer\">Soumettre un formulaire.<\/a><\/div>","protected":false},"excerpt":{"rendered":"<p>2 s\u00e9jours vacances pour vos enfants Camp Poney Camp Sport Equitation S\u00e9jour vacances pour enfant : deux exp\u00e9riences, une passion Au c\u0153ur d&rsquo;un cadre naturel, A Cheval 54 offre deux exp\u00e9riences uniques pour les jeunes passionn\u00e9s d&rsquo;\u00e9quitation ou de poneys. Que ce soit pour une immersion ludique avec nos jeux \u00e0 poneys ou pour une formation intensive ax\u00e9e sur la performance sportive, nos s\u00e9jours promettent une aventure inoubliable. Camp \u00e0 poneys :6 heures d&rsquo;\u00e9quitation quotidienne, jeux et activit\u00e9s vari\u00e9s, randonn\u00e9e en for\u00eat, repr\u00e9sentation finale. Temps libre : lac, sports, cuisine, land art. Camp de l&rsquo;Excellence \u00c9questre :6 heures d&rsquo;\u00e9quitation sportive par jour, disciplines vari\u00e9es (saut, dressage, cross), r\u00e9vision th\u00e9orique des Galops. Passage d&rsquo;examens en option. Comp\u00e9tition possible. Quel que soit le camp choisi, A Cheval 54 offre une exp\u00e9rience \u00e9ducative et enrichissante, o\u00f9 la passion pour les chevaux s&rsquo;\u00e9panouit dans un environnement s\u00fbr et stimulant. Inscrivez vite votre enfant pour&hellip;<\/p>\n<p> <a class=\"more-link\" href=\"https:\/\/a-cheval-54.com\/index.php\/camps-de-vacances-equitation\/\">Read more<\/a><\/p>\n","protected":false},"author":1,"featured_media":0,"parent":0,"menu_order":0,"comment_status":"closed","ping_status":"closed","template":"","meta":{"footnotes":""},"class_list":["post-258","page","type-page","status-publish"],"jetpack_sharing_enabled":true,"_links":{"self":[{"href":"https:\/\/a-cheval-54.com\/index.php\/wp-json\/wp\/v2\/pages\/258","targetHints":{"allow":["GET"]}}],"collection":[{"href":"https:\/\/a-cheval-54.com\/index.php\/wp-json\/wp\/v2\/pages"}],"about":[{"href":"https:\/\/a-cheval-54.com\/index.php\/wp-json\/wp\/v2\/types\/page"}],"author":[{"embeddable":true,"href":"https:\/\/a-cheval-54.com\/index.php\/wp-json\/wp\/v2\/users\/1"}],"replies":[{"embeddable":true,"href":"https:\/\/a-cheval-54.com\/index.php\/wp-json\/wp\/v2\/comments?post=258"}],"version-history":[{"count":14,"href":"https:\/\/a-cheval-54.com\/index.php\/wp-json\/wp\/v2\/pages\/258\/revisions"}],"predecessor-version":[{"id":381,"href":"https:\/\/a-cheval-54.com\/index.php\/wp-json\/wp\/v2\/pages\/258\/revisions\/381"}],"wp:attachment":[{"href":"https:\/\/a-cheval-54.com\/index.php\/wp-json\/wp\/v2\/media?parent=258"}],"curies":[{"name":"wp","href":"https:\/\/api.w.org\/{rel}","templated":true}]}}