{"id":248,"date":"2024-02-26T11:28:41","date_gmt":"2024-02-26T10:28:41","guid":{"rendered":"https:\/\/a-cheval-54.com\/?page_id=248"},"modified":"2026-03-17T13:38:03","modified_gmt":"2026-03-17T12:38:03","slug":"camp-sport-equitation","status":"publish","type":"page","link":"https:\/\/a-cheval-54.com\/index.php\/camp-sport-equitation\/","title":{"rendered":"Camp Sport Equitation"},"content":{"rendered":"\n<h1 class=\"wp-block-heading\">Camp et s\u00e9jour sport d&rsquo;\u00e9quitation<\/h1>\n\n\n\n<h2 class=\"wp-block-heading has-text-color has-link-color has-small-font-size wp-elements-225fde918e8084d8613bc134a007234e\" style=\"color:#848d95\"><em>Le camp est ouvert <\/em>aux cavaliers \u00e0 partir du Galop 3, minimum 6 ans<\/h2>\n\n\n\n<p>6h d\u2019\u00e9quitation sportive par jour sont au programme de ce s\u00e9jour r\u00e9serv\u00e9 aux cavaliers.<br>Les disciplines pratiqu\u00e9es sont : le <strong>saut d\u2019obstacle<\/strong>, le <strong>dressage<\/strong>, le <strong>travail \u00e0 pied<\/strong>, le <strong>hunter<\/strong>\u2026 et le <strong>CROSS<\/strong> ! Si l\u2019envie leur en dit, les cavaliers pourront \u00e9galement s\u2019initier \u00e0 la <strong>voltige<\/strong> ou participer \u00e0 une <strong>randonn\u00e9e<\/strong>.&nbsp;<br>Apr\u00e8s chaque journ\u00e9e pass\u00e9e au poney club, les enfants retournent sur la base de loisirs o\u00f9 ils disposent d\u2019un temps libre ou ils pourront se d\u00e9tendre au bord du lac, jouer au volley ou au tennis, s\u2019adonner \u00e0 des loisirs tels que la cuisine ou le land art, encadr\u00e9 par nos animateurs. Ce temps devra \u00eatre mis \u00e0 profit chaque jour pour la r\u00e9vision de la Th\u00e9orie des Galops.&nbsp;<\/p>\n\n\n\n<p>A la fin de leur s\u00e9jour, les cavaliers passent tout ou partie des<strong> examens des Galops<\/strong>. Une remise des dipl\u00f4mes a lieu en pr\u00e9sence des parents \u00e0 la fin du s\u00e9jour.&nbsp;<\/p>\n\n\n\n<p>En option, les cavaliers sont invit\u00e9s \u00e0 participer \u00e0 une comp\u00e9tition en cours ou en fin de s\u00e9jour pour mettre en pratique leurs nouveaux acquis.<\/p>\n\n\n\n<figure class=\"wp-block-gallery has-nested-images columns-default is-cropped wp-block-gallery-1 is-layout-flex wp-block-gallery-is-layout-flex\">\n<figure class=\"wp-block-image size-full\"><img loading=\"lazy\" decoding=\"async\" width=\"768\" height=\"1024\" data-id=\"249\" src=\"http:\/\/a-cheval-54.com\/wp-content\/uploads\/2024\/02\/IMG_4768-768x1024-1.jpg\" alt=\"\" class=\"wp-image-249\" srcset=\"https:\/\/a-cheval-54.com\/wp-content\/uploads\/2024\/02\/IMG_4768-768x1024-1.jpg 768w, https:\/\/a-cheval-54.com\/wp-content\/uploads\/2024\/02\/IMG_4768-768x1024-1-225x300.jpg 225w\" sizes=\"auto, (max-width: 768px) 100vw, 768px\" \/><\/figure>\n\n\n\n<figure class=\"wp-block-image size-large\"><img loading=\"lazy\" decoding=\"async\" width=\"576\" height=\"1024\" data-id=\"213\" src=\"http:\/\/a-cheval-54.com\/wp-content\/uploads\/2023\/12\/Pink-White-Gloss-Cute-Love-Weekly-Planner-Your-Story-576x1024.png\" alt=\"\" class=\"wp-image-213\" srcset=\"https:\/\/a-cheval-54.com\/wp-content\/uploads\/2023\/12\/Pink-White-Gloss-Cute-Love-Weekly-Planner-Your-Story-576x1024.png 576w, https:\/\/a-cheval-54.com\/wp-content\/uploads\/2023\/12\/Pink-White-Gloss-Cute-Love-Weekly-Planner-Your-Story-169x300.png 169w, https:\/\/a-cheval-54.com\/wp-content\/uploads\/2023\/12\/Pink-White-Gloss-Cute-Love-Weekly-Planner-Your-Story-768x1365.png 768w, https:\/\/a-cheval-54.com\/wp-content\/uploads\/2023\/12\/Pink-White-Gloss-Cute-Love-Weekly-Planner-Your-Story-864x1536.png 864w, https:\/\/a-cheval-54.com\/wp-content\/uploads\/2023\/12\/Pink-White-Gloss-Cute-Love-Weekly-Planner-Your-Story.png 1080w\" sizes=\"auto, (max-width: 576px) 100vw, 576px\" \/><\/figure>\n<\/figure>\n\n\n\n<h3 class=\"wp-block-heading\">Programme &#8211; exemple journ\u00e9e type<\/h3>\n\n\n\n<p>9h00 : arriv\u00e9e au poney-club, activit\u00e9 \u00e9questre<br>12h00 : repas au poney-club, repas tir\u00e9 du sac<br>13h00 : activit\u00e9 \u00e9questre<br>16h00 : fin de journ\u00e9e, retour \u00e0 la maison<\/p>\n\n\n\n<div class=\"wp-block-columns is-layout-flex wp-container-core-columns-is-layout-9d6595d7 wp-block-columns-is-layout-flex\">\n<div class=\"wp-block-column is-layout-flow wp-block-column-is-layout-flow\" style=\"flex-basis:100%\"><\/div>\n<\/div>\n\n\n\n<div class=\"wp-block-columns is-layout-flex wp-container-core-columns-is-layout-9d6595d7 wp-block-columns-is-layout-flex\">\n<div class=\"wp-block-column is-layout-flow wp-block-column-is-layout-flow\">\n<h2 class=\"wp-block-heading\">Dates<\/h2>\n<\/div>\n\n\n\n<div class=\"wp-block-column is-layout-flow wp-block-column-is-layout-flow\">\n<h2 class=\"wp-block-heading\">Tarifs<\/h2>\n<\/div>\n<\/div>\n\n\n\n<div class=\"wp-block-columns is-layout-flex wp-container-core-columns-is-layout-9d6595d7 wp-block-columns-is-layout-flex\">\n<div class=\"wp-block-column is-layout-flow wp-block-column-is-layout-flow\">\n<ul class=\"wp-block-list\">\n<li>du 27 juillet au 8 aout<\/li>\n<\/ul>\n\n\n\n<h2 class=\"wp-block-heading\">Moyens de paiement<\/h2>\n\n\n\n<ul class=\"wp-block-list\">\n<li>Virement<\/li>\n\n\n\n<li>Ch\u00e8que bancaire<\/li>\n\n\n\n<li>Ch\u00e8que vacances ANCV<\/li>\n\n\n\n<li>Ch\u00e8que UP sport<\/li>\n\n\n\n<li>Ch\u00e8que CR CESU<\/li>\n\n\n\n<li>Pass Sport<\/li>\n<\/ul>\n<\/div>\n\n\n\n<div class=\"wp-block-column is-layout-flow wp-block-column-is-layout-flow\">\n<p><em>6 places maximum par s\u00e9jour<\/em><\/p>\n\n\n\n<p><\/p>\n\n\n\n<p>Sans h\u00e9bergement (repas du midi non inclus, pr\u00e9voir picnic)<br>860 \u20ac pour 13 journ\u00e9es d\u2019activit\u00e9<\/p>\n\n\n\n<div class=\"wp-block-group is-nowrap is-layout-flex wp-container-core-group-is-layout-ad2f72ca wp-block-group-is-layout-flex\">\n<h2 class=\"wp-block-heading\">Inscription<\/h2>\n<\/div>\n\n\n\n<blockquote class=\"wp-block-quote is-layout-flow wp-block-quote-is-layout-flow\">\n<div class=\"wp-block-columns is-layout-flex wp-container-core-columns-is-layout-9d6595d7 wp-block-columns-is-layout-flex\">\n<div class=\"wp-block-column is-layout-flow wp-block-column-is-layout-flow\" style=\"flex-basis:100%\">\n<p>Par mail \u00e0 acheval54.jg@gmail.com<\/p>\n<\/div>\n<\/div>\n<\/blockquote>\n<\/div>\n<\/div>\n\n\n\n<div class=\"wp-block-columns is-layout-flex wp-container-core-columns-is-layout-9d6595d7 wp-block-columns-is-layout-flex\">\n<div class=\"wp-block-column is-layout-flow wp-block-column-is-layout-flow\">\n<div class=\"wp-block-buttons is-content-justification-center is-layout-flex wp-container-core-buttons-is-layout-16018d1d wp-block-buttons-is-layout-flex\">\n<div class=\"wp-block-button\"><a class=\"wp-block-button__link has-background has-small-font-size has-custom-font-size wp-element-button\" href=\"https:\/\/a-cheval-54.com\/wp-content\/uploads\/2023\/05\/TROUSSEAU.pdf\" style=\"border-radius:20px;background-color:#9abe2a\" target=\"_blank\" rel=\"noreferrer noopener\">Exemple de trousseau<\/a><\/div>\n<\/div>\n<\/div>\n\n\n\n<div class=\"wp-block-column is-layout-flow wp-block-column-is-layout-flow\">\n<div class=\"wp-block-buttons is-content-justification-center is-layout-flex wp-container-core-buttons-is-layout-16018d1d wp-block-buttons-is-layout-flex\">\n<div class=\"wp-block-button\"><a class=\"wp-block-button__link has-background has-small-font-size has-custom-font-size wp-element-button\" href=\"https:\/\/a-cheval-54.com\/wp-content\/uploads\/2023\/05\/Projet-pedagogique.pdf\" style=\"border-radius:20px;background-color:#9abe2a\" target=\"_blank\" rel=\"noreferrer noopener\">Projet p\u00e9dagogique<\/a><\/div>\n<\/div>\n<\/div>\n\n\n\n<div class=\"wp-block-column is-layout-flow wp-block-column-is-layout-flow\">\n<div class=\"wp-block-buttons is-content-justification-center is-layout-flex wp-container-core-buttons-is-layout-16018d1d wp-block-buttons-is-layout-flex\">\n<div class=\"wp-block-button\"><a class=\"wp-block-button__link has-background has-small-font-size has-custom-font-size wp-element-button\" href=\"http:\/\/a-cheval-54.com\/wp-content\/uploads\/2025\/01\/FICHE_SANITAIRE_DE_LIAISON_ACM_AVEC_AUTORISATION_PHOTOGRAPHIE.pdf\" style=\"border-radius:20px;background-color:#9abe2a\" target=\"_blank\" rel=\"noreferrer noopener\">Fiche sanitaire de liaison<\/a><\/div>\n<\/div>\n<\/div>\n\n\n\n<div class=\"wp-block-column is-layout-flow wp-block-column-is-layout-flow\">\n<div class=\"wp-block-buttons is-content-justification-center is-layout-flex wp-container-core-buttons-is-layout-16018d1d wp-block-buttons-is-layout-flex\">\n<div class=\"wp-block-button has-custom-width wp-block-button__width-100\"><a class=\"wp-block-button__link has-background has-small-font-size has-custom-font-size wp-element-button\" href=\"http:\/\/a-cheval-54.com\/wp-content\/uploads\/2025\/01\/RIB-ASSO-A-CHEVAL-54-2.pdf\" style=\"border-radius:20px;background-color:#9abe2a\" target=\"_blank\" rel=\"noreferrer noopener\">RIB<\/a><\/div>\n<\/div>\n<\/div>\n\n\n\n<div class=\"wp-block-column is-layout-flow wp-block-column-is-layout-flow\">\n<div class=\"wp-block-buttons is-content-justification-center is-layout-flex wp-container-core-buttons-is-layout-16018d1d wp-block-buttons-is-layout-flex\">\n<div class=\"wp-block-button\"><a class=\"wp-block-button__link has-background has-small-font-size has-custom-font-size wp-element-button\" href=\"https:\/\/a-cheval-54.com\/wp-content\/uploads\/2023\/05\/Guide-pratique-1.pdf\" style=\"border-radius:20px;background-color:#9abe2a\" target=\"_blank\" rel=\"noreferrer noopener\">Guide pratiques<\/a><\/div>\n<\/div>\n<\/div>\n<\/div>\n\n\n\n<figure class=\"wp-block-image size-full\"><img loading=\"lazy\" decoding=\"async\" width=\"1024\" height=\"683\" src=\"https:\/\/a-cheval-54.com\/wp-content\/uploads\/2024\/02\/Sejour-equitation.jpg\" alt=\"S\u00e9jour \u00e9quitation centre \u00e9questre 54\" class=\"wp-image-250\" srcset=\"https:\/\/a-cheval-54.com\/wp-content\/uploads\/2024\/02\/Sejour-equitation.jpg 1024w, https:\/\/a-cheval-54.com\/wp-content\/uploads\/2024\/02\/Sejour-equitation-300x200.jpg 300w, https:\/\/a-cheval-54.com\/wp-content\/uploads\/2024\/02\/Sejour-equitation-768x512.jpg 768w\" sizes=\"auto, (max-width: 1024px) 100vw, 1024px\" \/><\/figure>\n\n\n\n<div class=\"wp-block-columns is-layout-flex wp-container-core-columns-is-layout-9d6595d7 wp-block-columns-is-layout-flex\">\n<div class=\"wp-block-column is-layout-flow wp-block-column-is-layout-flow\">\n<div class=\"wp-block-buttons is-content-justification-right is-layout-flex wp-container-core-buttons-is-layout-765c4724 wp-block-buttons-is-layout-flex\">\n<div class=\"wp-block-button\"><a class=\"wp-block-button__link has-background wp-element-button\" href=\"https:\/\/a-cheval-54.com\/index.php\/camp-poney-6-12-ans\/\" style=\"background-color:#fc5640\">Camp poney<\/a><\/div>\n<\/div>\n<\/div>\n\n\n\n<div class=\"wp-block-column is-layout-flow wp-block-column-is-layout-flow\">\n<div class=\"wp-block-buttons is-content-justification-left is-layout-flex wp-container-core-buttons-is-layout-fdcfc74e wp-block-buttons-is-layout-flex\">\n<div class=\"wp-block-button\"><a class=\"wp-block-button__link has-background wp-element-button\" href=\"https:\/\/a-cheval-54.com\/index.php\/contact\/\" style=\"background-color:#fc5640\">Nous contacter<\/a><\/div>\n<\/div>\n<\/div>\n<\/div>\n\n\n\n<h2 class=\"wp-block-heading\">T\u00e9moignages et avis<\/h2>\n\n\n\n<p>\u00ab\u00a0C&rsquo;\u00e9tait amusant. On \u00e9tait proches des poneys et en plus on a progress\u00e9 gr\u00e2ce \u00e0 de bons conseils\u00a0\u00bb <em>Elisa<\/em><\/p>\n\n\n\n<p>\u00ab\u00a0Au camp, les poneys vivent au pr\u00e9 ! Les poneys sont g\u00e9niaux et le camp c&rsquo;est aussi l&rsquo;occasion de rencontrer de nouvelles personnes et d\u00e9couvrir de nouvelles disciplines. Juliette est tr\u00e8s patiente, passionn\u00e9e et p\u00e9dagogue. J&rsquo;ai tellement aim\u00e9 que j&rsquo;ai d\u00e9cid\u00e9 de m&rsquo;y inscrire \u00e0 l&rsquo;ann\u00e9e.\u00a0\u00bb <em>Cl\u00e9mence<\/em><\/p>\n\n\n\n<p>\u00ab\u00a0Ce camp convient tr\u00e8s bien aux petits comme aux grands. Il permet vraiment de se perfectionner. Les chevaux sont trait\u00e9s dans le respect et la bienveillance et on peut passer nos galops sans stress. La preuve j&rsquo;ai valid\u00e9 mon galop 4.\u00a0\u00bb <em>Lyah<\/em><\/p>\n","protected":false},"excerpt":{"rendered":"<p>Camp et s\u00e9jour sport d&rsquo;\u00e9quitation Le camp est ouvert aux cavaliers \u00e0 partir du Galop 3, minimum 6 ans 6h d\u2019\u00e9quitation sportive par jour sont au programme de ce s\u00e9jour r\u00e9serv\u00e9 aux cavaliers.Les disciplines pratiqu\u00e9es sont : le saut d\u2019obstacle, le dressage, le travail \u00e0 pied, le hunter\u2026 et le CROSS ! Si l\u2019envie leur en dit, les cavaliers pourront \u00e9galement s\u2019initier \u00e0 la voltige ou participer \u00e0 une randonn\u00e9e.&nbsp;Apr\u00e8s chaque journ\u00e9e pass\u00e9e au poney club, les enfants retournent sur la base de loisirs o\u00f9 ils disposent d\u2019un temps libre ou ils pourront se d\u00e9tendre au bord du lac, jouer au volley ou au tennis, s\u2019adonner \u00e0 des loisirs tels que la cuisine ou le land art, encadr\u00e9 par nos animateurs. Ce temps devra \u00eatre mis \u00e0 profit chaque jour pour la r\u00e9vision de la Th\u00e9orie des Galops.&nbsp; A la fin de leur s\u00e9jour, les cavaliers passent tout ou partie&hellip;<\/p>\n<p> <a class=\"more-link\" href=\"https:\/\/a-cheval-54.com\/index.php\/camp-sport-equitation\/\">Read more<\/a><\/p>\n","protected":false},"author":1,"featured_media":0,"parent":0,"menu_order":0,"comment_status":"closed","ping_status":"closed","template":"","meta":{"footnotes":""},"class_list":["post-248","page","type-page","status-publish"],"jetpack_sharing_enabled":true,"_links":{"self":[{"href":"https:\/\/a-cheval-54.com\/index.php\/wp-json\/wp\/v2\/pages\/248","targetHints":{"allow":["GET"]}}],"collection":[{"href":"https:\/\/a-cheval-54.com\/index.php\/wp-json\/wp\/v2\/pages"}],"about":[{"href":"https:\/\/a-cheval-54.com\/index.php\/wp-json\/wp\/v2\/types\/page"}],"author":[{"embeddable":true,"href":"https:\/\/a-cheval-54.com\/index.php\/wp-json\/wp\/v2\/users\/1"}],"replies":[{"embeddable":true,"href":"https:\/\/a-cheval-54.com\/index.php\/wp-json\/wp\/v2\/comments?post=248"}],"version-history":[{"count":18,"href":"https:\/\/a-cheval-54.com\/index.php\/wp-json\/wp\/v2\/pages\/248\/revisions"}],"predecessor-version":[{"id":417,"href":"https:\/\/a-cheval-54.com\/index.php\/wp-json\/wp\/v2\/pages\/248\/revisions\/417"}],"wp:attachment":[{"href":"https:\/\/a-cheval-54.com\/index.php\/wp-json\/wp\/v2\/media?parent=248"}],"curies":[{"name":"wp","href":"https:\/\/api.w.org\/{rel}","templated":true}]}}