{"id":233,"date":"2024-02-20T09:46:37","date_gmt":"2024-02-20T08:46:37","guid":{"rendered":"https:\/\/a-cheval-54.com\/?page_id=233"},"modified":"2026-03-17T13:35:20","modified_gmt":"2026-03-17T12:35:20","slug":"camp-poney-6-12-ans","status":"publish","type":"page","link":"https:\/\/a-cheval-54.com\/index.php\/camp-poney-6-12-ans\/","title":{"rendered":"Camp Poney d\u00e8s 6 ans"},"content":{"rendered":"\n<h1 class=\"wp-block-heading\">Camp et s\u00e9jour poneys d\u00e8s 6 ans<\/h1>\n\n\n\n<h2 class=\"wp-block-heading has-text-color has-link-color has-small-font-size wp-elements-857b2c4de8b8a93d82b7ec3edef94512\" style=\"color:#848d95\"><em>Le camp est ouvert \u00e0 tous les niveaux de cavaliers<\/em><\/h2>\n\n\n\n<p>L\u2019\u00e9quitation est pratiqu\u00e9e <strong>tous les jours<\/strong> pour un volume total de <strong>6h<\/strong> d&rsquo;activit\u00e9s par jour. Les disciplines sont vari\u00e9es et respectent les capacit\u00e9s de chacun, toujours tourn\u00e9 autour des<strong> jeux \u00e0 poneys<\/strong>. Au cours du s\u00e9jour, les enfants auront l\u2019occasion d\u2019embarquer pour une grande randonn\u00e9e au c\u0153ur de la for\u00eat de Parroy, ponctu\u00e9e par un pique-nique champ\u00eatre.<br>Le dernier jour, une belle repr\u00e9sentation aura lieu pour permettre aux enfants de montrer leurs exploits \u00e0 leurs parents.&nbsp;<br>Apr\u00e8s chaque journ\u00e9e pass\u00e9e au poney-club, les enfants retournent sur la base de loisirs o\u00f9 ils disposent d\u2019un temps libre et pourront se d\u00e9tendre au bord du lac, jouer au volley ou au tennis, s\u2019adonner \u00e0 des loisirs tels que la cuisine ou le land art, encadr\u00e9 par nos animateurs.&nbsp;<\/p>\n\n\n\n<figure class=\"wp-block-gallery has-nested-images columns-default is-cropped wp-block-gallery-1 is-layout-flex wp-block-gallery-is-layout-flex\">\n<figure class=\"wp-block-image size-large\"><img loading=\"lazy\" decoding=\"async\" width=\"1024\" height=\"768\" data-id=\"41\" src=\"https:\/\/a-cheval-54.com\/wp-content\/uploads\/2023\/05\/342361834_554951386752650_4517972246533765532_n-1024x768.jpg\" alt=\"camp de vacances poney\" class=\"wp-image-41\" srcset=\"https:\/\/a-cheval-54.com\/wp-content\/uploads\/2023\/05\/342361834_554951386752650_4517972246533765532_n-1024x768.jpg 1024w, https:\/\/a-cheval-54.com\/wp-content\/uploads\/2023\/05\/342361834_554951386752650_4517972246533765532_n-300x225.jpg 300w, https:\/\/a-cheval-54.com\/wp-content\/uploads\/2023\/05\/342361834_554951386752650_4517972246533765532_n-768x576.jpg 768w, https:\/\/a-cheval-54.com\/wp-content\/uploads\/2023\/05\/342361834_554951386752650_4517972246533765532_n-1536x1152.jpg 1536w, https:\/\/a-cheval-54.com\/wp-content\/uploads\/2023\/05\/342361834_554951386752650_4517972246533765532_n.jpg 2048w\" sizes=\"auto, (max-width: 1024px) 100vw, 1024px\" \/><\/figure>\n\n\n\n<figure class=\"wp-block-image size-large\"><img loading=\"lazy\" decoding=\"async\" width=\"696\" height=\"392\" data-id=\"157\" src=\"https:\/\/a-cheval-54.com\/wp-content\/uploads\/2023\/07\/Tournage-Journee-Cheval-2022_NHMMPhotography.jpg.jpg\" alt=\"s\u00e9jour d'\u00e9quitation pour les vacances avec poneys \" class=\"wp-image-157\" srcset=\"https:\/\/a-cheval-54.com\/wp-content\/uploads\/2023\/07\/Tournage-Journee-Cheval-2022_NHMMPhotography.jpg.jpg 696w, https:\/\/a-cheval-54.com\/wp-content\/uploads\/2023\/07\/Tournage-Journee-Cheval-2022_NHMMPhotography.jpg-300x169.jpg 300w\" sizes=\"auto, (max-width: 696px) 100vw, 696px\" \/><\/figure>\n\n\n\n<figure class=\"wp-block-image size-large\"><img loading=\"lazy\" decoding=\"async\" width=\"696\" height=\"392\" data-id=\"155\" src=\"https:\/\/a-cheval-54.com\/wp-content\/uploads\/2023\/07\/Fete-du-poney-Monteclin-2022_FFE-ZG.jpg-1.webp\" alt=\"Stage \u00e9quitation cavaliers d\u00e9butants\" class=\"wp-image-155\" srcset=\"https:\/\/a-cheval-54.com\/wp-content\/uploads\/2023\/07\/Fete-du-poney-Monteclin-2022_FFE-ZG.jpg-1.webp 696w, https:\/\/a-cheval-54.com\/wp-content\/uploads\/2023\/07\/Fete-du-poney-Monteclin-2022_FFE-ZG.jpg-1-300x169.webp 300w\" sizes=\"auto, (max-width: 696px) 100vw, 696px\" \/><\/figure>\n\n\n\n<figure class=\"wp-block-image size-large\"><img loading=\"lazy\" decoding=\"async\" width=\"345\" height=\"368\" data-id=\"156\" src=\"https:\/\/a-cheval-54.com\/wp-content\/uploads\/2023\/07\/a8469d_a92591510ddd461a870549b771ecff20mv2_d_2271_2419_s_2-1.webp\" alt=\"Camp de vacances avec \u00e9quitation\" class=\"wp-image-156\" srcset=\"https:\/\/a-cheval-54.com\/wp-content\/uploads\/2023\/07\/a8469d_a92591510ddd461a870549b771ecff20mv2_d_2271_2419_s_2-1.webp 345w, https:\/\/a-cheval-54.com\/wp-content\/uploads\/2023\/07\/a8469d_a92591510ddd461a870549b771ecff20mv2_d_2271_2419_s_2-1-281x300.webp 281w\" sizes=\"auto, (max-width: 345px) 100vw, 345px\" \/><\/figure>\n\n\n\n<figure class=\"wp-block-image size-large\"><img loading=\"lazy\" decoding=\"async\" width=\"640\" height=\"428\" data-id=\"154\" src=\"https:\/\/a-cheval-54.com\/wp-content\/uploads\/2023\/07\/783a2d_e01437c04aab4ab792c798682ff1c98e_mv2.jpg\" alt=\"Camp \u00e9quitation enfant de 6 \u00e0 12 ans\" class=\"wp-image-154\" srcset=\"https:\/\/a-cheval-54.com\/wp-content\/uploads\/2023\/07\/783a2d_e01437c04aab4ab792c798682ff1c98e_mv2.jpg 640w, https:\/\/a-cheval-54.com\/wp-content\/uploads\/2023\/07\/783a2d_e01437c04aab4ab792c798682ff1c98e_mv2-300x201.jpg 300w\" sizes=\"auto, (max-width: 640px) 100vw, 640px\" \/><\/figure>\n<\/figure>\n\n\n\n<h3 class=\"wp-block-heading\">Programme &#8211; exemple journ\u00e9e type<\/h3>\n\n\n\n<p>9h00 : arriv\u00e9e au poney-club, activit\u00e9 \u00e9questre : jeux, equifun, \u00e9quitation<br>12h00 : repas au poney-club, repas tir\u00e9 du sac<br>13h00 : activit\u00e9 \u00e9questre : voltige, balade<br>16h00 : fin de journ\u00e9e, retour \u00e0 la maison<br><\/p>\n\n\n\n<div class=\"wp-block-columns is-layout-flex wp-container-core-columns-is-layout-9d6595d7 wp-block-columns-is-layout-flex\">\n<div class=\"wp-block-column is-layout-flow wp-block-column-is-layout-flow\" style=\"flex-basis:100%\"><\/div>\n<\/div>\n\n\n\n<div class=\"wp-block-columns is-layout-flex wp-container-core-columns-is-layout-9d6595d7 wp-block-columns-is-layout-flex\">\n<div class=\"wp-block-column is-layout-flow wp-block-column-is-layout-flow\">\n<h2 class=\"wp-block-heading\">Dates<\/h2>\n<\/div>\n\n\n\n<div class=\"wp-block-column is-layout-flow wp-block-column-is-layout-flow\">\n<h2 class=\"wp-block-heading\">Tarifs<\/h2>\n<\/div>\n<\/div>\n\n\n\n<div class=\"wp-block-columns is-layout-flex wp-container-core-columns-is-layout-9d6595d7 wp-block-columns-is-layout-flex\">\n<div class=\"wp-block-column is-layout-flow wp-block-column-is-layout-flow\">\n<ul class=\"wp-block-list\">\n<li>13 au 18 juillet<\/li>\n\n\n\n<li>20 au 25 juillet<\/li>\n<\/ul>\n\n\n\n<div class=\"wp-block-columns is-layout-flex wp-container-core-columns-is-layout-9d6595d7 wp-block-columns-is-layout-flex\">\n<div class=\"wp-block-column is-layout-flow wp-block-column-is-layout-flow\">\n<h2 class=\"wp-block-heading\">Moyens de paiement<\/h2>\n\n\n\n<ul class=\"wp-block-list\">\n<li>Virement <\/li>\n\n\n\n<li>Ch\u00e8que bancaire<\/li>\n\n\n\n<li>Ch\u00e8que vacances ANCV<\/li>\n\n\n\n<li>Ch\u00e8que UP sport<\/li>\n\n\n\n<li>Ch\u00e8que CR CESU<\/li>\n\n\n\n<li>Pass Sport<\/li>\n<\/ul>\n<\/div>\n<\/div>\n<\/div>\n\n\n\n<div class=\"wp-block-column is-layout-flow wp-block-column-is-layout-flow\">\n<p class=\"has-vivid-red-color has-text-color has-link-color wp-elements-5c90257067b0a9ab33e24ef82ccd36e2\"> <em>8 places maximum par s\u00e9jour<\/em><\/p>\n\n\n\n<p>Sans h\u00e9bergement : 300\u20ac\/semaine <\/p>\n\n\n\n<div class=\"wp-block-group is-nowrap is-layout-flex wp-container-core-group-is-layout-ad2f72ca wp-block-group-is-layout-flex\">\n<h2 class=\"wp-block-heading\">Inscription<\/h2>\n<\/div>\n\n\n\n<blockquote class=\"wp-block-quote is-layout-flow wp-block-quote-is-layout-flow\">\n<div class=\"wp-block-columns is-layout-flex wp-container-core-columns-is-layout-9d6595d7 wp-block-columns-is-layout-flex\">\n<div class=\"wp-block-column is-layout-flow wp-block-column-is-layout-flow\" style=\"flex-basis:100%\">\n<p>Par mail \u00e0 acheval54.jg@gmail.com<\/p>\n<\/div>\n<\/div>\n<\/blockquote>\n\n\n\n<div class=\"wp-block-group is-nowrap is-layout-flex wp-container-core-group-is-layout-ad2f72ca wp-block-group-is-layout-flex\">\n<h2 class=\"wp-block-heading\"><\/h2>\n\n\n\n<p><\/p>\n\n\n\n<p><\/p>\n\n\n\n<p><\/p>\n<\/div>\n\n\n\n<div class=\"wp-block-columns is-layout-flex wp-container-core-columns-is-layout-9d6595d7 wp-block-columns-is-layout-flex\">\n<div class=\"wp-block-column is-layout-flow wp-block-column-is-layout-flow\">\n<div class=\"wp-block-columns is-layout-flex wp-container-core-columns-is-layout-9d6595d7 wp-block-columns-is-layout-flex\">\n<div class=\"wp-block-column is-layout-flow wp-block-column-is-layout-flow\"><\/div>\n\n\n\n<div class=\"wp-block-column is-layout-flow wp-block-column-is-layout-flow\"><\/div>\n\n\n\n<div class=\"wp-block-column is-layout-flow wp-block-column-is-layout-flow\"><\/div>\n<\/div>\n<\/div>\n<\/div>\n<\/div>\n<\/div>\n\n\n\n<div class=\"wp-block-columns is-layout-flex wp-container-core-columns-is-layout-9d6595d7 wp-block-columns-is-layout-flex\">\n<div class=\"wp-block-column is-layout-flow wp-block-column-is-layout-flow\">\n<div class=\"wp-block-buttons is-content-justification-center is-layout-flex wp-container-core-buttons-is-layout-16018d1d wp-block-buttons-is-layout-flex\">\n<div class=\"wp-block-button has-custom-width wp-block-button__width-100\"><a class=\"wp-block-button__link has-background has-small-font-size has-custom-font-size wp-element-button\" href=\"https:\/\/a-cheval-54.com\/wp-content\/uploads\/2023\/05\/TROUSSEAU.pdf\" style=\"border-radius:20px;background-color:#9abe2a\" target=\"_blank\" rel=\"noreferrer noopener\">Exemple de trousseau<\/a><\/div>\n<\/div>\n<\/div>\n\n\n\n<div class=\"wp-block-column is-layout-flow wp-block-column-is-layout-flow\">\n<div class=\"wp-block-buttons is-content-justification-center is-layout-flex wp-container-core-buttons-is-layout-16018d1d wp-block-buttons-is-layout-flex\">\n<div class=\"wp-block-button has-custom-width wp-block-button__width-100\"><a class=\"wp-block-button__link has-background has-small-font-size has-custom-font-size wp-element-button\" href=\"https:\/\/a-cheval-54.com\/wp-content\/uploads\/2023\/05\/Projet-pedagogique.pdf\" style=\"border-radius:20px;background-color:#9abe2a\" target=\"_blank\" rel=\"noreferrer noopener\">Projet p\u00e9dagogique<\/a><\/div>\n<\/div>\n<\/div>\n\n\n\n<div class=\"wp-block-column is-layout-flow wp-block-column-is-layout-flow\">\n<div class=\"wp-block-buttons is-content-justification-center is-layout-flex wp-container-core-buttons-is-layout-16018d1d wp-block-buttons-is-layout-flex\">\n<div class=\"wp-block-button has-custom-width wp-block-button__width-100\"><a class=\"wp-block-button__link has-background has-small-font-size has-custom-font-size wp-element-button\" href=\"http:\/\/a-cheval-54.com\/wp-content\/uploads\/2025\/01\/FICHE_SANITAIRE_DE_LIAISON_ACM_AVEC_AUTORISATION_PHOTOGRAPHIE.pdf\" style=\"border-radius:20px;background-color:#9abe2a\" target=\"_blank\" rel=\"noreferrer noopener\">Fiche sanitaire de liaison<\/a><\/div>\n<\/div>\n<\/div>\n\n\n\n<div class=\"wp-block-column is-layout-flow wp-block-column-is-layout-flow\">\n<div class=\"wp-block-buttons is-content-justification-center is-layout-flex wp-container-core-buttons-is-layout-16018d1d wp-block-buttons-is-layout-flex\">\n<div class=\"wp-block-button has-custom-width wp-block-button__width-100\"><a class=\"wp-block-button__link has-background has-small-font-size has-custom-font-size wp-element-button\" href=\"http:\/\/a-cheval-54.com\/wp-content\/uploads\/2025\/01\/RIB-ASSO-A-CHEVAL-54-2.pdf\" style=\"border-radius:20px;background-color:#9abe2a\" target=\"_blank\" rel=\"noreferrer noopener\">RIB<\/a><\/div>\n<\/div>\n<\/div>\n\n\n\n<div class=\"wp-block-column is-layout-flow wp-block-column-is-layout-flow\">\n<div class=\"wp-block-buttons is-content-justification-center is-layout-flex wp-container-core-buttons-is-layout-16018d1d wp-block-buttons-is-layout-flex\">\n<div class=\"wp-block-button has-custom-width wp-block-button__width-100\"><a class=\"wp-block-button__link has-background has-small-font-size has-custom-font-size wp-element-button\" href=\"https:\/\/a-cheval-54.com\/wp-content\/uploads\/2023\/05\/Guide-pratique-1.pdf\" style=\"border-radius:20px;background-color:#9abe2a\" target=\"_blank\" rel=\"noreferrer noopener\">Guide pratiques<\/a><\/div>\n<\/div>\n<\/div>\n<\/div>\n\n\n\n<figure class=\"wp-block-gallery has-nested-images columns-default is-cropped wp-block-gallery-2 is-layout-flex wp-block-gallery-is-layout-flex\">\n<figure class=\"wp-block-image size-large\"><img loading=\"lazy\" decoding=\"async\" width=\"646\" height=\"822\" data-id=\"168\" src=\"https:\/\/a-cheval-54.com\/wp-content\/uploads\/2023\/08\/Capture-decran-2023-08-18-193246.jpg\" alt=\"Activit\u00e9s autour du cheval en s\u00e9jour de vacances\" class=\"wp-image-168\" srcset=\"https:\/\/a-cheval-54.com\/wp-content\/uploads\/2023\/08\/Capture-decran-2023-08-18-193246.jpg 646w, https:\/\/a-cheval-54.com\/wp-content\/uploads\/2023\/08\/Capture-decran-2023-08-18-193246-236x300.jpg 236w\" sizes=\"auto, (max-width: 646px) 100vw, 646px\" \/><\/figure>\n\n\n\n<figure class=\"wp-block-image size-large\"><img loading=\"lazy\" decoding=\"async\" width=\"660\" height=\"820\" data-id=\"169\" src=\"https:\/\/a-cheval-54.com\/wp-content\/uploads\/2023\/08\/Capture-decran-2023-08-18-193231.jpg\" alt=\"Activit\u00e9s autour du cheval en s\u00e9jour de vacances\" class=\"wp-image-169\" srcset=\"https:\/\/a-cheval-54.com\/wp-content\/uploads\/2023\/08\/Capture-decran-2023-08-18-193231.jpg 660w, https:\/\/a-cheval-54.com\/wp-content\/uploads\/2023\/08\/Capture-decran-2023-08-18-193231-241x300.jpg 241w\" sizes=\"auto, (max-width: 660px) 100vw, 660px\" \/><\/figure>\n<\/figure>\n\n\n\n<div class=\"wp-block-columns is-layout-flex wp-container-core-columns-is-layout-9d6595d7 wp-block-columns-is-layout-flex\">\n<div class=\"wp-block-column is-layout-flow wp-block-column-is-layout-flow\">\n<div class=\"wp-block-buttons is-content-justification-right is-layout-flex wp-container-core-buttons-is-layout-765c4724 wp-block-buttons-is-layout-flex\">\n<div class=\"wp-block-button\"><a class=\"wp-block-button__link has-white-color has-text-color has-background has-link-color wp-element-button\" href=\"https:\/\/a-cheval-54.com\/index.php\/camp-sport-equitation\/\" style=\"background-color:#fc5640\">Camp sport \u00e9quitation<\/a><\/div>\n<\/div>\n<\/div>\n\n\n\n<div class=\"wp-block-column is-layout-flow wp-block-column-is-layout-flow\">\n<div class=\"wp-block-buttons is-content-justification-left is-layout-flex wp-container-core-buttons-is-layout-fdcfc74e wp-block-buttons-is-layout-flex\">\n<div class=\"wp-block-button\"><a class=\"wp-block-button__link has-background wp-element-button\" href=\"https:\/\/a-cheval-54.com\/index.php\/contact\/\" style=\"background-color:#fc5640\">Nous contacter<\/a><\/div>\n<\/div>\n<\/div>\n<\/div>\n\n\n\n<h2 class=\"wp-block-heading\">Vid\u00e9os et retour des enfants<\/h2>\n\n\n\n<div class=\"wp-block-columns is-layout-flex wp-container-core-columns-is-layout-9d6595d7 wp-block-columns-is-layout-flex\">\n<div class=\"wp-block-column is-layout-flow wp-block-column-is-layout-flow\">\n<figure class=\"wp-block-embed is-type-video is-provider-youtube wp-block-embed-youtube wp-embed-aspect-16-9 wp-has-aspect-ratio\"><div class=\"wp-block-embed__wrapper\">\n<iframe loading=\"lazy\" title=\"Voltige camp Poney enfants\" width=\"563\" height=\"1000\" src=\"https:\/\/www.youtube.com\/embed\/hMsc0ya_Gxs?feature=oembed\" frameborder=\"0\" allow=\"accelerometer; autoplay; clipboard-write; encrypted-media; gyroscope; picture-in-picture; web-share\" referrerpolicy=\"strict-origin-when-cross-origin\" allowfullscreen><\/iframe>\n<\/div><figcaption class=\"wp-element-caption\">Voltige camp Poney<\/figcaption><\/figure>\n<\/div>\n\n\n\n<div class=\"wp-block-column is-layout-flow wp-block-column-is-layout-flow\">\n<figure class=\"wp-block-embed is-type-video is-provider-youtube wp-block-embed-youtube wp-embed-aspect-16-9 wp-has-aspect-ratio\"><div class=\"wp-block-embed__wrapper\">\n<iframe loading=\"lazy\" title=\"Jeux \u00e0 poney - Camp de vacances enfants\" width=\"800\" height=\"450\" src=\"https:\/\/www.youtube.com\/embed\/xenhCuwx0i4?feature=oembed\" frameborder=\"0\" allow=\"accelerometer; autoplay; clipboard-write; encrypted-media; gyroscope; picture-in-picture; web-share\" referrerpolicy=\"strict-origin-when-cross-origin\" allowfullscreen><\/iframe>\n<\/div><figcaption class=\"wp-element-caption\">Jeux \u00e0 poney<\/figcaption><\/figure>\n<\/div>\n\n\n\n<div class=\"wp-block-column is-layout-flow wp-block-column-is-layout-flow\">\n<figure class=\"wp-block-embed is-type-video is-provider-youtube wp-block-embed-youtube wp-embed-aspect-16-9 wp-has-aspect-ratio\"><div class=\"wp-block-embed__wrapper\">\n<iframe loading=\"lazy\" title=\"Alors c&#039;e\u0301tait bien le camp\" width=\"563\" height=\"1000\" src=\"https:\/\/www.youtube.com\/embed\/zONOvU3lExk?feature=oembed\" frameborder=\"0\" allow=\"accelerometer; autoplay; clipboard-write; encrypted-media; gyroscope; picture-in-picture; web-share\" referrerpolicy=\"strict-origin-when-cross-origin\" allowfullscreen><\/iframe>\n<\/div><figcaption class=\"wp-element-caption\">Retour apr\u00e8s les camps<\/figcaption><\/figure>\n<\/div>\n<\/div>\n\n\n\n<h2 class=\"wp-block-heading\">T\u00e9moignages<\/h2>\n\n\n\n<p>\u00ab\u00a0C&rsquo;\u00e9tait trop bien de monter sur les poneys, la voltige et les randonn\u00e9es ! J&rsquo;ai aim\u00e9 m&rsquo;occuper des poneys, les brosser.\u00a0\u00bb <em>Ryan<\/em><\/p>\n\n\n\n<p>\u00ab\u00a0J&rsquo;ai ador\u00e9, tous les poneys \u00e9taient trop gentils ! J&rsquo;ai bien aim\u00e9 les activit\u00e9s (d\u00e9coration d&rsquo;un fer \u00e0 cheval). J&rsquo;ai hate&nbsp;d&rsquo;y retourner\u00a0\u00bb <em>M\u00e9lissa<\/em><\/p>\n\n\n\n<p>\u00ab\u00a0Ma fille a ador\u00e9 ! Elle y retourne cette ann\u00e9e. Elle m&rsquo;a dit que les monitrices \u00e9taient tr\u00e8s sympa, les poneys adorables et tout en s&rsquo;amusant, elle a acquis des comp\u00e9tences pour passer ses galops.\u00a0\u00bb<em> Peggy<\/em><\/p>\n\n\n\n<p><\/p>\n","protected":false},"excerpt":{"rendered":"<p>Camp et s\u00e9jour poneys d\u00e8s 6 ans Le camp est ouvert \u00e0 tous les niveaux de cavaliers L\u2019\u00e9quitation est pratiqu\u00e9e tous les jours pour un volume total de 6h d&rsquo;activit\u00e9s par jour. Les disciplines sont vari\u00e9es et respectent les capacit\u00e9s de chacun, toujours tourn\u00e9 autour des jeux \u00e0 poneys. Au cours du s\u00e9jour, les enfants auront l\u2019occasion d\u2019embarquer pour une grande randonn\u00e9e au c\u0153ur de la for\u00eat de Parroy, ponctu\u00e9e par un pique-nique champ\u00eatre.Le dernier jour, une belle repr\u00e9sentation aura lieu pour permettre aux enfants de montrer leurs exploits \u00e0 leurs parents.&nbsp;Apr\u00e8s chaque journ\u00e9e pass\u00e9e au poney-club, les enfants retournent sur la base de loisirs o\u00f9 ils disposent d\u2019un temps libre et pourront se d\u00e9tendre au bord du lac, jouer au volley ou au tennis, s\u2019adonner \u00e0 des loisirs tels que la cuisine ou le land art, encadr\u00e9 par nos animateurs.&nbsp; Programme &#8211; exemple journ\u00e9e type 9h00 : arriv\u00e9e au&hellip;<\/p>\n<p> <a class=\"more-link\" href=\"https:\/\/a-cheval-54.com\/index.php\/camp-poney-6-12-ans\/\">Read more<\/a><\/p>\n","protected":false},"author":1,"featured_media":0,"parent":0,"menu_order":0,"comment_status":"closed","ping_status":"closed","template":"","meta":{"footnotes":""},"class_list":["post-233","page","type-page","status-publish"],"jetpack_sharing_enabled":true,"_links":{"self":[{"href":"https:\/\/a-cheval-54.com\/index.php\/wp-json\/wp\/v2\/pages\/233","targetHints":{"allow":["GET"]}}],"collection":[{"href":"https:\/\/a-cheval-54.com\/index.php\/wp-json\/wp\/v2\/pages"}],"about":[{"href":"https:\/\/a-cheval-54.com\/index.php\/wp-json\/wp\/v2\/types\/page"}],"author":[{"embeddable":true,"href":"https:\/\/a-cheval-54.com\/index.php\/wp-json\/wp\/v2\/users\/1"}],"replies":[{"embeddable":true,"href":"https:\/\/a-cheval-54.com\/index.php\/wp-json\/wp\/v2\/comments?post=233"}],"version-history":[{"count":59,"href":"https:\/\/a-cheval-54.com\/index.php\/wp-json\/wp\/v2\/pages\/233\/revisions"}],"predecessor-version":[{"id":415,"href":"https:\/\/a-cheval-54.com\/index.php\/wp-json\/wp\/v2\/pages\/233\/revisions\/415"}],"wp:attachment":[{"href":"https:\/\/a-cheval-54.com\/index.php\/wp-json\/wp\/v2\/media?parent=233"}],"curies":[{"name":"wp","href":"https:\/\/api.w.org\/{rel}","templated":true}]}}